{"id":2248,"date":"2021-02-26T18:34:47","date_gmt":"2021-02-26T17:34:47","guid":{"rendered":"https:\/\/www.maisonmoga.fr\/privacy-policy\/"},"modified":"2021-02-26T18:34:47","modified_gmt":"2021-02-26T17:34:47","slug":"privacy-policy","status":"publish","type":"page","link":"https:\/\/www.maisonmoga.fr\/en\/privacy-policy\/","title":{"rendered":"Privacy Policy"},"content":{"rendered":"\t\t<div data-elementor-type=\"wp-page\" data-elementor-id=\"2248\" class=\"elementor elementor-2248 elementor-1140\" data-elementor-settings=\"[]\">\n\t\t\t\t\t\t<div class=\"elementor-inner\">\n\t\t\t\t\t\t\t<div class=\"elementor-section-wrap\">\n\t\t\t\t\t\t\t<section class=\"elementor-section elementor-top-section elementor-element elementor-element-f919885 elementor-section-boxed ang-section-padding-initial elementor-section-height-default elementor-section-height-default\" data-id=\"f919885\" data-element_type=\"section\" data-settings=\"{&quot;background_background&quot;:&quot;classic&quot;}\">\n\t\t\t\t\t\t<div class=\"elementor-container elementor-column-gap-default\">\n\t\t\t\t\t\t\t<div class=\"elementor-row\">\n\t\t\t\t\t<div class=\"elementor-column elementor-col-100 elementor-top-column elementor-element elementor-element-3ca0246\" data-id=\"3ca0246\" data-element_type=\"column\">\n\t\t\t<div class=\"elementor-column-wrap elementor-element-populated\">\n\t\t\t\t\t\t\t<div class=\"elementor-widget-wrap\">\n\t\t\t\t\t\t<div class=\"elementor-element elementor-element-4b94d51 elementor-widget elementor-widget-heading\" data-id=\"4b94d51\" data-element_type=\"widget\" data-widget_type=\"heading.default\">\n\t\t\t\t<div class=\"elementor-widget-container\">\n\t\t\t<h1 class=\"elementor-heading-title elementor-size-default\">Privacy Policy<\/h1>\t\t<\/div>\n\t\t\t\t<\/div>\n\t\t\t\t\t\t<\/div>\n\t\t\t\t\t<\/div>\n\t\t<\/div>\n\t\t\t\t\t\t\t\t<\/div>\n\t\t\t\t\t<\/div>\n\t\t<\/section>\n\t\t\t\t<section class=\"elementor-section elementor-top-section elementor-element elementor-element-51c67ea7 elementor-section-boxed ang-section-padding-initial elementor-section-height-default elementor-section-height-default\" data-id=\"51c67ea7\" data-element_type=\"section\">\n\t\t\t\t\t\t<div class=\"elementor-container elementor-column-gap-default\">\n\t\t\t\t\t\t\t<div class=\"elementor-row\">\n\t\t\t\t\t<div class=\"elementor-column elementor-col-100 elementor-top-column elementor-element elementor-element-76913d08\" data-id=\"76913d08\" data-element_type=\"column\">\n\t\t\t<div class=\"elementor-column-wrap elementor-element-populated\">\n\t\t\t\t\t\t\t<div class=\"elementor-widget-wrap\">\n\t\t\t\t\t\t<div class=\"elementor-element elementor-element-7fe77ba7 elementor-widget elementor-widget-text-editor\" data-id=\"7fe77ba7\" data-element_type=\"widget\" data-widget_type=\"text-editor.default\">\n\t\t\t\t<div class=\"elementor-widget-container\">\n\t\t\t\t\t\t\t\t<div class=\"elementor-text-editor elementor-clearfix\">\n\t\t\t\t\t<p>The purpose of this privacy policy is to inform you about the processing related to the use of your personal data, within the framework of the General Regulations of the Data Protection (RGPD).<\/p>\n<h2>RESPONSIBLE FOR THE PROCESSING OF YOUR DATA<\/h2>\n<p>The personal data collected on the shop.maisonmoga.fr site are processed by the company MAISON MOGA, SARL registered in the Avignon Trade and Companies Register under number B 830 019 782, whose registered office is located at 3 cours Anatole France &#8211; 84800 L&#8217;Isle-sur-la-Sorgue.<\/p>\n<h2>PERSONAL DATA COLLECTED<\/h2>\n<p>MAISON MOGA may need to collect the following personal data:<\/p>\n<ul>\n<li><b>When creating an account:<\/b>\u00a0Your contact details (last name, first name, e-mail address)<\/li>\n<li><b>When placing an order:<\/b>\n<ul>\n<li>Your contact details (last name, first name, e-mail address)<\/li>\n<li>Your delivery information (postal address)<\/li>\n<\/ul>\n<\/li>\n<li><b>When subscribing to the newsletter:<\/b>\u00a0your e-mail address<\/li>\n<\/ul>\n<h2>USE OF DATA<\/h2>\n<p>Your data is processed by MAISON MOGA for the following purposes:<\/p>\n<ul>\n<li>Managing your account and your orders<\/li>\n<li>Customer relationship management: contact form, complaints<\/li>\n<li>Sending newsletters<\/li>\n<\/ul>\n<p>Your personal data may be transmitted by MAISON MOGA to certain partners for the proper management of your order:<\/p>\n<ul>\n<li>Payment partners: Cr\u00e9dit Agricole (E-transactions)<\/li>\n<li>Logistics partners: Transporters (Chronopost)<\/li>\n<li>Technical partners: host (OVH)<\/li>\n<\/ul>\n<p>MAISON MOGA ensures that all of its partners and subcontractors comply with the General Regulations of the Personal Data Protection in order to ensure the confidentiality and security of your data. MAISON MOGA commits not to sell your personal data to third parties.<\/p>\n<h2>DATA CONSERVATION DURATION<\/h2>\n<p>Your personal data will be held for the required amount of time, for the earlier defined purposes. In detail:<\/p>\n<ul>\n<li>Account data: data relating to your customer account is kept for 5 years from the end of the commercial relationship with MAISON MOGA. At the end of this period, the data will be deleted or anonymized.<\/li>\n<li>Purchase data: your billing data is kept until the end of the legal retention period (10 years).<\/li>\n<li>Payment data: your payment data is not kept by MAISON MOGA. They are collected by its secure payment providers (Paypal and Soci\u00e9t\u00e9 G\u00e9n\u00e9rale) until the payment is certified.<\/li>\n<li>Newsletter subscription: your e-mail address is kept until you unsubscribe (via the unsubscribe link at the bottom of the newsletters or by contacting us via the contact form), or for a maximum period of 3 years in the event of inactivity.<\/li>\n<\/ul>\n<h2>RIGHTS ABOUT YOUR DATA<\/h2>\n<p>In accordance with applicable regulations, you have the right to access, modify, delete and oppose your personal data. You can access your personal data collected by logging into your account on the shop.maisonmoga.fr site, under \u201cMy personal data\u201d. Personal data can be exported in PDF or CSV format. Your customer account also allows you to modify your personal data.<\/p>\n<p>For any request to modify or delete your personal data, you can contact us:<\/p>\n<ul>\n<li>by postal mail: MAISON MOGA &#8211; 3 cours Anatole France &#8211; 84800 L&#8217;Isle-sur-la-Sorgue &#8211; France<\/li>\n<li>or via the form on the Contact page of the shop.maisonmoga.fr website<\/li>\n<\/ul>\n<h2>COOKIES MANAGEMENT<\/h2>\n<p>The term &#8220;Cookie(s)&#8221; refers to the trackers deposited and \/ or read, for example, when consulting a website. This information is then stored on the hard drive of your device used to visit the website.<\/p>\n<p>MAISON MOGA uses cookies to allow the website to fully function and to facilitate your navigation:<\/p>\n<ul>\n<li>Identification cookies: required for the operation of the website: they are used for signing up and \/ or for logging in to the customer\u2019s personal space, and to allow access to their account using their login and personal password.<\/li>\n<li>Audience measurement cookies: meant to contribute to define the volume and statistics of the website\u2019s visits and impressions, the various categories as well as the use of the services offered. These Cookies allow MAISON MOGA to improve the operations and ergonomics of the website.<\/li>\n<\/ul>\n<p>It is considered that the User has given his consent to the deposit and use of Cookies if he continued his navigation by clicking on an element of the website or by going to any web page other than the page through which he accessed the website when he initially accessed it during his first visit.<\/p>\n<p>This agreement is valid for a period of twelve months from the first deposit of Cookie(s) in the Device. Once this period is over, the consent will be requested again for the use of these Cookies.<\/p>\n\t\t\t\t\t<\/div>\n\t\t\t\t\t\t<\/div>\n\t\t\t\t<\/div>\n\t\t\t\t\t\t<\/div>\n\t\t\t\t\t<\/div>\n\t\t<\/div>\n\t\t\t\t\t\t\t\t<\/div>\n\t\t\t\t\t<\/div>\n\t\t<\/section>\n\t\t\t\t\t\t<\/div>\n\t\t\t\t\t\t<\/div>\n\t\t\t\t\t<\/div>\n\t\t","protected":false},"excerpt":{"rendered":"<p>Privacy Policy The purpose of this privacy policy is to inform you about the processing related to the use of your personal data, within the framework of the General Regulations of the Data Protection (RGPD). RESPONSIBLE FOR THE PROCESSING OF YOUR DATA The personal data collected on the shop.maisonmoga.fr site are processed by the company &hellip; <\/p>\n<p class=\"link-more\"><a href=\"https:\/\/www.maisonmoga.fr\/en\/privacy-policy\/\" class=\"more-link\">Continue reading<span class=\"screen-reader-text\"> &#8220;Privacy Policy&#8221;<\/span><\/a><\/p>\n","protected":false},"author":1,"featured_media":0,"parent":0,"menu_order":0,"comment_status":"closed","ping_status":"closed","template":"elementor_header_footer","meta":[],"yoast_head":"<!-- This site is optimized with the Yoast SEO plugin v16.4 - https:\/\/yoast.com\/wordpress\/plugins\/seo\/ -->\n<title>Privacy Policy - La Maison Moga<\/title>\n<meta name=\"description\" content=\"The legal notice of La Maison Moga present the rights and obligations of visitors to our website.\" \/>\n<meta name=\"robots\" content=\"noindex, nofollow\" \/>\n<meta property=\"og:locale\" content=\"en_US\" \/>\n<meta property=\"og:type\" content=\"article\" \/>\n<meta property=\"og:title\" content=\"Privacy Policy - La Maison Moga\" \/>\n<meta property=\"og:description\" content=\"The legal notice of La Maison Moga present the rights and obligations of visitors to our website.\" \/>\n<meta property=\"og:url\" content=\"https:\/\/www.maisonmoga.fr\/en\/privacy-policy\/\" \/>\n<meta property=\"og:site_name\" content=\"La Maison Moga\" \/>\n<meta property=\"og:image\" content=\"https:\/\/www.maisonmoga.fr\/wp-content\/uploads\/2017\/07\/MM-LOGO-0607.jpg\" \/>\n\t<meta property=\"og:image:width\" content=\"482\" \/>\n\t<meta property=\"og:image:height\" content=\"444\" \/>\n<meta name=\"twitter:card\" content=\"summary\" \/>\n<meta name=\"twitter:label1\" content=\"Est. reading time\" \/>\n\t<meta name=\"twitter:data1\" content=\"4 minutes\" \/>\n<script type=\"application\/ld+json\" class=\"yoast-schema-graph\">{\"@context\":\"https:\/\/schema.org\",\"@graph\":[{\"@type\":\"WebSite\",\"@id\":\"https:\/\/www.maisonmoga.fr\/#website\",\"url\":\"https:\/\/www.maisonmoga.fr\/\",\"name\":\"La Maison Moga\",\"description\":\"La Maison Moga, \\u00e9picerie fine et autres gourmandises...\",\"potentialAction\":[{\"@type\":\"SearchAction\",\"target\":\"https:\/\/www.maisonmoga.fr\/?s={search_term_string}\",\"query-input\":\"required name=search_term_string\"}],\"inLanguage\":\"en-US\"},{\"@type\":\"WebPage\",\"@id\":\"https:\/\/www.maisonmoga.fr\/en\/privacy-policy\/#webpage\",\"url\":\"https:\/\/www.maisonmoga.fr\/en\/privacy-policy\/\",\"name\":\"Privacy Policy - La Maison Moga\",\"isPartOf\":{\"@id\":\"https:\/\/www.maisonmoga.fr\/#website\"},\"datePublished\":\"2021-02-26T17:34:47+00:00\",\"dateModified\":\"2021-02-26T17:34:47+00:00\",\"description\":\"The legal notice of La Maison Moga present the rights and obligations of visitors to our website.\",\"breadcrumb\":{\"@id\":\"https:\/\/www.maisonmoga.fr\/en\/privacy-policy\/#breadcrumb\"},\"inLanguage\":\"en-US\",\"potentialAction\":[{\"@type\":\"ReadAction\",\"target\":[\"https:\/\/www.maisonmoga.fr\/en\/privacy-policy\/\"]}]},{\"@type\":\"BreadcrumbList\",\"@id\":\"https:\/\/www.maisonmoga.fr\/en\/privacy-policy\/#breadcrumb\",\"itemListElement\":[{\"@type\":\"ListItem\",\"position\":1,\"item\":{\"@type\":\"WebPage\",\"@id\":\"https:\/\/www.maisonmoga.fr\/en\/\",\"url\":\"https:\/\/www.maisonmoga.fr\/en\/\",\"name\":\"Accueil\"}},{\"@type\":\"ListItem\",\"position\":2,\"item\":{\"@id\":\"https:\/\/www.maisonmoga.fr\/en\/privacy-policy\/#webpage\"}}]}]}<\/script>\n<!-- \/ Yoast SEO plugin. -->","_links":{"self":[{"href":"https:\/\/www.maisonmoga.fr\/en\/wp-json\/wp\/v2\/pages\/2248"}],"collection":[{"href":"https:\/\/www.maisonmoga.fr\/en\/wp-json\/wp\/v2\/pages"}],"about":[{"href":"https:\/\/www.maisonmoga.fr\/en\/wp-json\/wp\/v2\/types\/page"}],"author":[{"embeddable":true,"href":"https:\/\/www.maisonmoga.fr\/en\/wp-json\/wp\/v2\/users\/1"}],"replies":[{"embeddable":true,"href":"https:\/\/www.maisonmoga.fr\/en\/wp-json\/wp\/v2\/comments?post=2248"}],"version-history":[{"count":1,"href":"https:\/\/www.maisonmoga.fr\/en\/wp-json\/wp\/v2\/pages\/2248\/revisions"}],"predecessor-version":[{"id":2249,"href":"https:\/\/www.maisonmoga.fr\/en\/wp-json\/wp\/v2\/pages\/2248\/revisions\/2249"}],"wp:attachment":[{"href":"https:\/\/www.maisonmoga.fr\/en\/wp-json\/wp\/v2\/media?parent=2248"}],"curies":[{"name":"wp","href":"https:\/\/api.w.org\/{rel}","templated":true}]}}